{"id":19196,"date":"2021-10-29T17:02:45","date_gmt":"2022-06-14T23:34:38","guid":{"rendered":"https:\/\/baumwollboerse.de\/?post_type=product&#038;p=19196"},"modified":"2022-06-15T01:34:38","modified_gmt":"2022-06-14T23:34:38","slug":"jahresbericht-der-bremer-baumwollboerse","status":"publish","type":"product","link":"https:\/\/baumwollboerse.de\/en\/shop\/jahresbericht-der-bremer-baumwollboerse\/","title":{"rendered":"Jahresbericht der Bremer Baumwollb\u00f6rse"},"content":{"rendered":"<p>Der Jahresbericht bietet einen \u00dcberblick \u00fcber die Aktivit\u00e4ten der Bremer Baumwollb\u00f6rse im vergangenen Gesch\u00e4ftsjahres. Zus\u00e4tzlich enth\u00e4lt er ausf\u00fchrliche Berichte \u00fcber die globale Baumwollsituation \u2013 inklusive Statistiken \u2013 sowie die Entwicklung in den wichtigsten L\u00e4ndern f\u00fcr die Baumwollproduktion und -verarbeitung. Edition 2020.<\/p>\n","protected":false},"excerpt":{"rendered":"<p>Jahresbericht \u00fcber die Aktivit\u00e4ten der Bremer Baumwollb\u00f6rse, inklusive ausf\u00fchrliche Berichte zur globalen Baumwollsituation. Edition 2020.<\/p>\n","protected":false},"featured_media":32638,"template":"","meta":{"_acf_changed":false},"product_brand":[],"product_cat":[],"product_tag":[],"class_list":{"0":"post-19196","1":"product","2":"type-product","3":"status-publish","4":"has-post-thumbnail","7":"first","8":"instock","9":"taxable","10":"shipping-taxable","11":"purchasable","12":"product-type-simple"},"acf":[],"_links":{"self":[{"href":"https:\/\/baumwollboerse.de\/en\/wp-json\/wp\/v2\/product\/19196","targetHints":{"allow":["GET"]}}],"collection":[{"href":"https:\/\/baumwollboerse.de\/en\/wp-json\/wp\/v2\/product"}],"about":[{"href":"https:\/\/baumwollboerse.de\/en\/wp-json\/wp\/v2\/types\/product"}],"wp:featuredmedia":[{"embeddable":true,"href":"https:\/\/baumwollboerse.de\/en\/wp-json\/wp\/v2\/media\/32638"}],"wp:attachment":[{"href":"https:\/\/baumwollboerse.de\/en\/wp-json\/wp\/v2\/media?parent=19196"}],"wp:term":[{"taxonomy":"product_brand","embeddable":true,"href":"https:\/\/baumwollboerse.de\/en\/wp-json\/wp\/v2\/product_brand?post=19196"},{"taxonomy":"product_cat","embeddable":true,"href":"https:\/\/baumwollboerse.de\/en\/wp-json\/wp\/v2\/product_cat?post=19196"},{"taxonomy":"product_tag","embeddable":true,"href":"https:\/\/baumwollboerse.de\/en\/wp-json\/wp\/v2\/product_tag?post=19196"}],"curies":[{"name":"wp","href":"https:\/\/api.w.org\/{rel}","templated":true}]}}